{"id":1051,"date":"2018-07-22T17:52:50","date_gmt":"2018-07-22T15:52:50","guid":{"rendered":"http:\/\/dom-polski.fr\/?page_id=1051"},"modified":"2019-03-17T17:25:15","modified_gmt":"2019-03-17T16:25:15","slug":"politique-de-confidentialite","status":"publish","type":"page","link":"https:\/\/dom-polski.fr\/index.php\/politique-de-confidentialite\/","title":{"rendered":"Politique de Confidentialit\u00e9"},"content":{"rendered":"<header class=\"entry-header\">\n<h2 class=\"entry-title\">Qui sommes-nous\u00a0?<\/h2>\n<\/header>\n<div class=\"entry-content clearfix\">\n<p>L\u2019adresse de notre site Web est\u00a0: dom-polski.fr.<br \/>Ce site est h\u00e9berg\u00e9 par la soci\u00e9t\u00e9 OVH.<\/p>\n<p>Responsable de Traitement : M. J\u00e9r\u00f4me ANTOCHEWICZ<br \/>Courriel :\u00a0contact@dom-polski.fr<\/p>\n<p>\u00a0<\/p>\n<h2>Utilisation des donn\u00e9es personnelles collect\u00e9es<\/h2>\n<p>Le site Dom Polski s\u2019engage \u00e0 ne pas transmettre vos donn\u00e9es \u00e0 des tiers. Seul le site Dom Polski aura connaissance de vos donn\u00e9es.\u00a0L\u2019Utilisateur \/ Utilisatrice peut \u00e0 tout moment demander \u00e0 conna\u00eetre ou \u00e0 supprimer ses donn\u00e9es en remplissant la <a href=\"#demandedonnees\">demande ci-dessous.<\/a><\/p>\n<p>Les donn\u00e9es envoy\u00e9es via, la page \u00ab\u00a0Nous Contacter\u00a0\u00bb et \u00ab\u00a0R\u00e9tractation\/Annulation\u00a0\u00bb, servent uniquement \u00e0 la correspondance entre le site Dom Polski et l\u2019utilisateur \/ utilisatrice du formulaire de contact. Ces donn\u00e9es ne sont pas conserv\u00e9es sur le serveur h\u00e9bergeant le site mais dans les mails re\u00e7us lors de l&rsquo;envoi du formulaire.<\/p>\n<p>Les donn\u00e9es envoy\u00e9es, via la page \u00ab\u00a0Lettre d\u2019information \u2013 Newsletter\u00a0\u00bb, servent uniquement \u00e0 l\u2019envoi de la \u00ab\u00a0Lettre d\u2019information\u00a0\u00bb. Les donn\u00e9es sont sauvegard\u00e9es sur le serveur h\u00e9bergeant ce site. L\u2019Utilisateur \/ Utilisatrice peut \u00e0 tout moment g\u00e9rer son abonnement via le lien \u00ab\u00a0<a href=\"https:\/\/dom-polski.fr\/index.php\/inscription-a-la-lettre-dinformations-newsletter\/\">Gestion de la Newsletter<\/a>\u00a0\u00bb sur la page \u00ab\u00a0<a href=\"https:\/\/dom-polski.fr\/index.php\/mon-compte\/\">Mon Compte<\/a>\u00a0\u00bb .<\/p>\n<p>Les donn\u00e9es envoy\u00e9es, via la page \u00ab\u00a0Mon compte\u00a0\u00bb, servent uniquement \u00e0 la commande et \u00e0 l\u2019envoi de votre commande. Les donn\u00e9es sont sauvegard\u00e9es sur le serveur h\u00e9bergeant ce site.<\/p>\n<h2>\u00a0<\/h2>\n<h2>Utilisation des Cookies<\/h2>\n<p>Ce site utilise des cookies, petits fichiers enregistr\u00e9s sur votre ordinateur, tablette, etc. lors de votre visite sur le site. Vous pouvez accepter ou refuser leur d\u00e9p\u00f4t. Ces cookies permettent de sauvegarder la configuration du site, d\u2019utiliser les statistiques, d\u2019am\u00e9liorer son utilisation.<\/p>\n<p>Vous pouvez \u00e0 tout moment revenir sur votre choix d\u2019accepter ou de refuser les cookies en cliquant ici : \u00a0<a href=\"#tarteaucitron\">Modifier mon choix sur les cookies<\/a><\/p>\n<p><strong>Liste des cookies\u00a0 n\u00e9cessaire au fonctionnement du site :<\/strong><\/p>\n<table style=\"border-collapse: collapse; width: 100%;\" border=\"1\">\n<tbody>\n<tr style=\"background-color: #f2f2f2;\">\n<td style=\"width: 33.3333%; text-align: center; height: 22px; vertical-align: middle;\"><strong>Cookie<\/strong><\/td>\n<td style=\"width: 18.0935%; text-align: center; height: 22px; vertical-align: middle;\"><strong>Dur\u00e9e<\/strong><\/td>\n<td style=\"width: 48.5731%; text-align: center; height: 22px; vertical-align: middle;\"><strong>Fonction<\/strong><\/td>\n<\/tr>\n<tr style=\"height: 22px;\">\n<td style=\"width: 33.3333%; height: 22px; vertical-align: middle;\">tarteaucitron<\/td>\n<td style=\"width: 18.0935%; text-align: center; height: 22px; vertical-align: middle;\">1 an<\/td>\n<td style=\"width: 48.5731%; text-align: left; height: 22px; vertical-align: middle;\">M\u00e9morise le choix sur les cookies.<\/td>\n<\/tr>\n<tr>\n<td style=\"width: 33.3333%; vertical-align: middle;\">SERVERID68971<\/td>\n<td style=\"width: 18.0935%; text-align: center; vertical-align: middle;\">Session<\/td>\n<td style=\"width: 48.5731%; text-align: left; vertical-align: middle;\">Permet de connaitre l&rsquo;\u00e9tat du serveur.<\/td>\n<\/tr>\n<tr style=\"height: 22px;\">\n<td style=\"width: 33.3333%; height: 22px; vertical-align: middle;\">tk_lr<\/td>\n<td style=\"width: 18.0935%; text-align: center; height: 22px; vertical-align: middle;\">1 an<\/td>\n<td style=\"width: 48.5731%; text-align: left; height: 66px; vertical-align: middle;\" rowspan=\"3\">Utilis\u00e9s comme une couche suppl\u00e9mentaire de s\u00e9curit\u00e9.<\/td>\n<\/tr>\n<tr style=\"height: 22px;\">\n<td style=\"width: 33.3333%; height: 22px; vertical-align: middle;\">tk_or<\/td>\n<td style=\"width: 18.0935%; text-align: center; height: 22px; vertical-align: middle;\">5 an<\/td>\n<\/tr>\n<tr style=\"height: 22px;\">\n<td style=\"width: 33.3333%; height: 22px; vertical-align: middle;\">tk_r3d<\/td>\n<td style=\"width: 18.0935%; text-align: center; height: 22px; vertical-align: middle;\">3 jours<\/td>\n<\/tr>\n<tr style=\"height: 39px;\">\n<td style=\"width: 33.3333%; height: 39px; vertical-align: middle;\">woocommerce_cart_hash<\/td>\n<td style=\"width: 18.0935%; text-align: center; height: 39px; vertical-align: middle;\">Session<\/td>\n<td style=\"width: 48.5731%; text-align: left; height: 79px; vertical-align: middle;\" rowspan=\"2\">Cookies contenant des informations sur le panier dans son ensemble et permettent \u00e0 WooCommerce de savoir quand les donn\u00e9es du panier changent.<\/td>\n<\/tr>\n<tr style=\"height: 40px;\">\n<td style=\"width: 33.3333%; height: 40px; vertical-align: middle;\">woocommerce_items_in_cart<\/td>\n<td style=\"width: 18.0935%; text-align: center; height: 40px; vertical-align: middle;\">Session<\/td>\n<\/tr>\n<tr style=\"height: 140px;\">\n<td style=\"width: 33.3333%; height: 140px; vertical-align: middle;\">wp_woocommerce_session_<\/td>\n<td style=\"width: 18.0935%; text-align: center; height: 140px; vertical-align: middle;\">2 jours<\/td>\n<td style=\"width: 48.5731%; text-align: left; height: 140px; vertical-align: middle;\"><span class=\"notranslate\">Contient un code unique pour chaque client afin de savoir o\u00f9 trouver les donn\u00e9es du panier dans la base de donn\u00e9es pour chaque client.<\/span><span class=\"notranslate\">Aucune information personnelle n&rsquo;est stock\u00e9e dans ces cookies.<\/span><\/td>\n<\/tr>\n<tr>\n<td style=\"width: 33.3333%; vertical-align: middle;\">\n<div class=\"settings-box\">\n<div id=\"outer\">\n<div id=\"label\">woocommerce_recently_viewed<\/div>\n<\/div>\n<\/div>\n<\/td>\n<td style=\"width: 18.0935%; text-align: center; vertical-align: middle;\">Session<\/td>\n<td style=\"width: 48.5731%; text-align: left; vertical-align: middle;\"><span class=\"notranslate\">Liste des produits pr\u00e9c\u00e9demment consult\u00e9s par un visiteur \/ client.<\/span><\/td>\n<\/tr>\n<\/tbody>\n<\/table>\n<h5>Contr\u00f4le des cookies<\/h5>\n<p>Les visiteurs peuvent souhaiter limiter l&rsquo;utilisation des cookies ou emp\u00eacher compl\u00e8tement leur configuration.\u00a0La plupart des navigateurs fournissent des moyens de contr\u00f4ler le comportement des cookies, par exemple leur dur\u00e9e de stockage, soit via une fonctionnalit\u00e9 int\u00e9gr\u00e9e, soit \u00e0 l&rsquo;aide de plug-ins tiers.<\/p>\n<p>Pour en savoir plus sur la gestion et la suppression des cookies,\u00a0rendez-vous sur\u00a0<a href=\"https:\/\/www.aboutcookies.org\/\">aboutcookies.org<\/a>\u00a0.\u00a0Pour plus de d\u00e9tails sur les cookies publicitaires et leur gestion, visitez\u00a0<a href=\"https:\/\/youronlinechoices.eu\/\">youronlinechoices.eu<\/a>\u00a0(bas\u00e9 en Europe) ou\u00a0<a href=\"http:\/\/www.aboutads.info\/choices\/\">aboutads.info<\/a>\u00a0(bas\u00e9 aux \u00c9tats-Unis).<\/p>\n<p>Certains programmes de d\u00e9sinscription sp\u00e9cifiques sont disponibles ici:<\/p>\n<p>Quantcast &#8211;\u00a0<a href=\"https:\/\/www.quantcast.com\/opt-out\/\">https:\/\/www.quantcast.com\/opt-out\/<\/a><br \/>Google Analytics &#8211;\u00a0<a href=\"https:\/\/tools.google.com\/dlpage\/gaoptout\">https:\/\/tools.google.com\/dlpage\/gaoptout<\/a><\/p>\n<p>Il est important de noter que limiter ou d\u00e9sactiver l&rsquo;utilisation de cookies peut limiter la fonctionnalit\u00e9 des sites, voire m\u00eame les emp\u00eacher de fonctionner correctement.<\/p>\n<hr \/>\n<h2><span style=\"color: #000000; font-weight: bold;\"><br \/><a id=\"demandedonnees\"><\/a>Vos donn\u00e9es personnelles<\/span><\/h2>\n<p>Vous pouvez demander la liste de vos donn\u00e9es personnelles qui vous seront envoy\u00e9es par courriel\u00a0 ou vous pouvez\u00a0<span id=\"corr0-0\" class=\"cordial-err-corr\" title=\"\" data-original-title=\"\">demander<\/span>\u00a0\u00e0 les supprimer. Votre demande sera accept\u00e9e apr\u00e8s votre validation en cliquant sur le courriel que vous recevrez.<\/p>\n<\/div>\n\n\n<p><span style=\"color: #003366;\"><em>Fonction momentan\u00e9ment indisponible. Toutefois vous pouvez faire la demande via notre page contact &#8230;<\/em><\/span><\/p>\n\n\n\n<h2>R\u00e9seaux sociaux<\/h2>\n\n\n<p style=\"text-align: left;\"><img loading=\"lazy\" class=\"alignleft\" src=\"https:\/\/dom-polski.fr\/wp-content\/uploads\/2019\/03\/logo-facebook-1-150x150.png\" alt=\"\" width=\"50\" height=\"50\" \/><em>Nous int\u00e9grons des outils Facebook pour vous permettre de voir le nombre de \u00abj&rsquo;aime\u00bb \/ partager \/ recommander et \u00abaimer \/ partager \/ recommander\u00bb nos pages du site.\u00a0Ces outils peuvent collecter votre adresse IP, votre navigateur internet, stocker et r\u00e9cup\u00e9rer des cookies sur votre navigateur, int\u00e9grer un suivi suppl\u00e9mentaire et surveiller votre interaction avec cet fonction, y compris la mise en corr\u00e9lation de votre compte Facebook avec les actions que vous effectuez ces outils (telles que: \u201cAimer \/ partager \/ recommander\u201d notre page Web), si vous \u00eates connect\u00e9 \u00e0 Facebook.\u00a0Pour plus d&rsquo;informations sur l&rsquo;utilisation de ces donn\u00e9es, veuillez consulter la politique de confidentialit\u00e9 des donn\u00e9es de Facebook: <a href=\"https:\/\/www.facebook.com\/about\/privacy\/update\">https:\/\/www.facebook.com\/about\/privacy\/update<\/a><\/em><em><img loading=\"lazy\" src=\"https:\/\/dom-polski.fr\/wp-content\/uploads\/2019\/01\/logo-facebook-1-Copier.png\" alt=\"\" width=\"40\" height=\"40\" \/><\/em><\/p>\n\n<p><em><img loading=\"lazy\" class=\"alignleft  wp-image-1911\" src=\"https:\/\/dom-polski.fr\/wp-content\/uploads\/2019\/03\/tweeter.jpg\" alt=\"\" width=\"50\" height=\"50\" \/>Nous utilisons le bouton Twitter Tweet sur notre site Web.\u00a0En cons\u00e9quence, notre site Web demande aux serveurs de Twitter de vous permettre de tweeter nos pages Web en utilisant votre compte Twitter.\u00a0Ces demandes rendent votre adresse IP visible sur Twitter, qui peut l&rsquo;utiliser conform\u00e9ment \u00e0 la politique de confidentialit\u00e9 de leurs donn\u00e9es: <a href=\"https:\/\/twitter.com\/fr\/privacy#update\">https:\/\/twitter.com\/fr\/privacy#update<\/a>.<\/em><\/p>","protected":false},"excerpt":{"rendered":"<p>Qui sommes-nous\u00a0? L\u2019adresse de notre site Web est\u00a0: dom-polski.fr.Ce site est h\u00e9berg\u00e9 par la soci\u00e9t\u00e9 OVH. Responsable de Traitement : M. J\u00e9r\u00f4me ANTOCHEWICZCourriel :\u00a0contact@dom-polski.fr \u00a0 Utilisation des donn\u00e9es personnelles collect\u00e9es <a class=\"more-link\" href=\"https:\/\/dom-polski.fr\/index.php\/politique-de-confidentialite\/\">Afficher la suite \u2192<\/a><\/p>\n","protected":false},"author":1,"featured_media":0,"parent":0,"menu_order":0,"comment_status":"closed","ping_status":"closed","template":"","meta":{"spay_email":""},"aioseo_notices":[],"jetpack_shortlink":"https:\/\/wp.me\/P9CwUv-gX","jetpack_likes_enabled":false,"_links":{"self":[{"href":"https:\/\/dom-polski.fr\/index.php\/wp-json\/wp\/v2\/pages\/1051"}],"collection":[{"href":"https:\/\/dom-polski.fr\/index.php\/wp-json\/wp\/v2\/pages"}],"about":[{"href":"https:\/\/dom-polski.fr\/index.php\/wp-json\/wp\/v2\/types\/page"}],"author":[{"embeddable":true,"href":"https:\/\/dom-polski.fr\/index.php\/wp-json\/wp\/v2\/users\/1"}],"replies":[{"embeddable":true,"href":"https:\/\/dom-polski.fr\/index.php\/wp-json\/wp\/v2\/comments?post=1051"}],"version-history":[{"count":58,"href":"https:\/\/dom-polski.fr\/index.php\/wp-json\/wp\/v2\/pages\/1051\/revisions"}],"predecessor-version":[{"id":2016,"href":"https:\/\/dom-polski.fr\/index.php\/wp-json\/wp\/v2\/pages\/1051\/revisions\/2016"}],"wp:attachment":[{"href":"https:\/\/dom-polski.fr\/index.php\/wp-json\/wp\/v2\/media?parent=1051"}],"curies":[{"name":"wp","href":"https:\/\/api.w.org\/{rel}","templated":true}]}}